{"id":681,"date":"2024-04-07T14:38:21","date_gmt":"2024-04-07T19:38:21","guid":{"rendered":"https:\/\/tiendaluminskve.com\/?post_type=product&#038;p=681"},"modified":"2024-05-03T21:54:47","modified_gmt":"2024-05-04T02:54:47","slug":"colgador-de-llaves-mariposa","status":"publish","type":"product","link":"https:\/\/tiendaluminskve.com\/index.php\/producto\/colgador-de-llaves-mariposa\/","title":{"rendered":"Colgador de llaves estilo mariposa"},"content":{"rendered":"<p>\ud83d\udca5Los colgadores de llaves con dise\u00f1o a menudo son piezas \u00fanicas que llaman la atenci\u00f3n y pueden ser un punto focal de conversaci\u00f3n cuando los invitados visitan tu hogar. Pueden generar inter\u00e9s y curiosidad, lo que hace que la decoraci\u00f3n de tu casa \ud83c\udfdasea m\u00e1s memorable.<\/p>\n","protected":false},"excerpt":{"rendered":"<p>Organiza con Estilo<\/p>\n<p>Medidas:<br \/>\nBase 17 mm<br \/>\nAltura 26 mm<\/p>\n<p>Realizado en MDF<\/p>\n<p>Entrega gratuita en todo \ud83c\uddea\ud83c\udde8<\/p>\n<p>&nbsp;<\/p>\n","protected":false},"featured_media":682,"template":"","meta":[],"product_cat":[32],"product_tag":[],"class_list":["post-681","product","type-product","status-publish","has-post-thumbnail","hentry","product_cat-colgadores"],"featured_image_urls":{"full":["https:\/\/tiendaluminskve.com\/wp-content\/uploads\/2024\/04\/0c711e0f-a587-4cf0-b907-e4cc647842a5.jpg",1600,1600,false],"thumbnail":["https:\/\/tiendaluminskve.com\/wp-content\/uploads\/2024\/04\/0c711e0f-a587-4cf0-b907-e4cc647842a5-150x150.jpg",150,150,true],"medium":["https:\/\/tiendaluminskve.com\/wp-content\/uploads\/2024\/04\/0c711e0f-a587-4cf0-b907-e4cc647842a5-300x300.jpg",300,300,true],"medium_large":["https:\/\/tiendaluminskve.com\/wp-content\/uploads\/2024\/04\/0c711e0f-a587-4cf0-b907-e4cc647842a5-768x768.jpg",768,768,true],"large":["https:\/\/tiendaluminskve.com\/wp-content\/uploads\/2024\/04\/0c711e0f-a587-4cf0-b907-e4cc647842a5-1024x1024.jpg",1024,1024,true],"1536x1536":["https:\/\/tiendaluminskve.com\/wp-content\/uploads\/2024\/04\/0c711e0f-a587-4cf0-b907-e4cc647842a5-1536x1536.jpg",1536,1536,true],"2048x2048":["https:\/\/tiendaluminskve.com\/wp-content\/uploads\/2024\/04\/0c711e0f-a587-4cf0-b907-e4cc647842a5.jpg",1600,1600,false],"woocommerce_thumbnail":["https:\/\/tiendaluminskve.com\/wp-content\/uploads\/2024\/04\/0c711e0f-a587-4cf0-b907-e4cc647842a5-300x300.jpg",300,300,true],"woocommerce_single":["https:\/\/tiendaluminskve.com\/wp-content\/uploads\/2024\/04\/0c711e0f-a587-4cf0-b907-e4cc647842a5-600x600.jpg",600,600,true],"woocommerce_gallery_thumbnail":["https:\/\/tiendaluminskve.com\/wp-content\/uploads\/2024\/04\/0c711e0f-a587-4cf0-b907-e4cc647842a5-100x100.jpg",100,100,true]},"post_excerpt_stackable":"<p>Organiza con Estilo<\/p>\n<p>Medidas:<br \/>\nBase 17 mm<br \/>\nAltura 26 mm<\/p>\n<p>Realizado en MDF<\/p>\n<p>Entrega gratuita en todo \ud83c\uddea\ud83c\udde8<\/p>\n<p>&nbsp;<\/p>\n","category_list":"","author_info":{"name":"","url":""},"comments_num":"0 comentarios","_links":{"self":[{"href":"https:\/\/tiendaluminskve.com\/index.php\/wp-json\/wp\/v2\/product\/681","targetHints":{"allow":["GET"]}}],"collection":[{"href":"https:\/\/tiendaluminskve.com\/index.php\/wp-json\/wp\/v2\/product"}],"about":[{"href":"https:\/\/tiendaluminskve.com\/index.php\/wp-json\/wp\/v2\/types\/product"}],"wp:featuredmedia":[{"embeddable":true,"href":"https:\/\/tiendaluminskve.com\/index.php\/wp-json\/wp\/v2\/media\/682"}],"wp:attachment":[{"href":"https:\/\/tiendaluminskve.com\/index.php\/wp-json\/wp\/v2\/media?parent=681"}],"wp:term":[{"taxonomy":"product_cat","embeddable":true,"href":"https:\/\/tiendaluminskve.com\/index.php\/wp-json\/wp\/v2\/product_cat?post=681"},{"taxonomy":"product_tag","embeddable":true,"href":"https:\/\/tiendaluminskve.com\/index.php\/wp-json\/wp\/v2\/product_tag?post=681"}],"curies":[{"name":"wp","href":"https:\/\/api.w.org\/{rel}","templated":true}]}}