{"id":821,"date":"2024-05-05T13:18:15","date_gmt":"2024-05-05T18:18:15","guid":{"rendered":"https:\/\/tiendaluminskve.com\/?post_type=product&#038;p=821"},"modified":"2024-05-05T13:53:20","modified_gmt":"2024-05-05T18:53:20","slug":"lampara-colgante-mod41","status":"publish","type":"product","link":"https:\/\/tiendaluminskve.com\/index.php\/producto\/lampara-colgante-mod41\/","title":{"rendered":"Lampara colgante MOD41"},"content":{"rendered":"<p>Es una l\u00e1mpara colgante de madera. Su dise\u00f1o elegante la convierte en la l\u00e1mpara ideal para la mesa de comedor, ya que su luz c\u00e1lida y direccional hace que cualquier mesa sea m\u00e1s c\u00f3moda. En combinaci\u00f3n, tambi\u00e9n es adecuado para mesas grandes, islas de cocina y mostradores. Disponible en tres colores<\/p>\n","protected":false},"excerpt":{"rendered":"<p>Alto x Di\u00e1metro:<\/p>\n<p>30 cm x 40 cm<\/p>\n","protected":false},"featured_media":822,"template":"","meta":[],"product_cat":[26],"product_tag":[],"class_list":["post-821","product","type-product","status-publish","has-post-thumbnail","hentry","product_cat-iluminacion"],"featured_image_urls":{"full":["https:\/\/tiendaluminskve.com\/wp-content\/uploads\/2024\/05\/Captura.jpg",609,482,false],"thumbnail":["https:\/\/tiendaluminskve.com\/wp-content\/uploads\/2024\/05\/Captura-150x150.jpg",150,150,true],"medium":["https:\/\/tiendaluminskve.com\/wp-content\/uploads\/2024\/05\/Captura-300x237.jpg",300,237,true],"medium_large":["https:\/\/tiendaluminskve.com\/wp-content\/uploads\/2024\/05\/Captura.jpg",609,482,false],"large":["https:\/\/tiendaluminskve.com\/wp-content\/uploads\/2024\/05\/Captura.jpg",609,482,false],"1536x1536":["https:\/\/tiendaluminskve.com\/wp-content\/uploads\/2024\/05\/Captura.jpg",609,482,false],"2048x2048":["https:\/\/tiendaluminskve.com\/wp-content\/uploads\/2024\/05\/Captura.jpg",609,482,false],"woocommerce_thumbnail":["https:\/\/tiendaluminskve.com\/wp-content\/uploads\/2024\/05\/Captura-300x237.jpg",300,237,true],"woocommerce_single":["https:\/\/tiendaluminskve.com\/wp-content\/uploads\/2024\/05\/Captura-600x475.jpg",600,475,true],"woocommerce_gallery_thumbnail":["https:\/\/tiendaluminskve.com\/wp-content\/uploads\/2024\/05\/Captura-100x100.jpg",100,100,true]},"post_excerpt_stackable":"<p>Alto x Di\u00e1metro:<\/p>\n<p>30 cm x 40 cm<\/p>\n","category_list":"","author_info":{"name":"","url":""},"comments_num":"0 comentarios","_links":{"self":[{"href":"https:\/\/tiendaluminskve.com\/index.php\/wp-json\/wp\/v2\/product\/821","targetHints":{"allow":["GET"]}}],"collection":[{"href":"https:\/\/tiendaluminskve.com\/index.php\/wp-json\/wp\/v2\/product"}],"about":[{"href":"https:\/\/tiendaluminskve.com\/index.php\/wp-json\/wp\/v2\/types\/product"}],"wp:featuredmedia":[{"embeddable":true,"href":"https:\/\/tiendaluminskve.com\/index.php\/wp-json\/wp\/v2\/media\/822"}],"wp:attachment":[{"href":"https:\/\/tiendaluminskve.com\/index.php\/wp-json\/wp\/v2\/media?parent=821"}],"wp:term":[{"taxonomy":"product_cat","embeddable":true,"href":"https:\/\/tiendaluminskve.com\/index.php\/wp-json\/wp\/v2\/product_cat?post=821"},{"taxonomy":"product_tag","embeddable":true,"href":"https:\/\/tiendaluminskve.com\/index.php\/wp-json\/wp\/v2\/product_tag?post=821"}],"curies":[{"name":"wp","href":"https:\/\/api.w.org\/{rel}","templated":true}]}}